{"id":2,"date":"2015-06-18T12:14:19","date_gmt":"2015-06-18T12:14:19","guid":{"rendered":"http:\/\/spamania.ca\/reserver\/?page_id=2"},"modified":"2025-12-02T19:40:38","modified_gmt":"2025-12-02T23:40:38","slug":"reservation","status":"publish","type":"page","link":"https:\/\/spamania.ca\/reserver\/","title":{"rendered":"R\u00e9servation"},"content":{"rendered":"<h1 style=\"text-align: center;\"><span style=\"color: #000000;\"><strong>R\u00e9servez le Loft Spamania!<\/strong><\/span><\/h1>\n<h4 style=\"text-align: center;\"><strong>Louez votre mini centre de sant\u00e9, avec acc\u00e8s direct de votre chambre!<\/strong><\/h4>\n<p style=\"text-align: center;\">Les r\u00e9servations doivent \u00eatre pr\u00e9pay\u00e9. Paiement par transfert Interac (texto : <strong><a href=\"tel:18193554919\"><span style=\"color: #27245f;\">1 (819) 355-4919<\/span><\/a><\/strong> ) ou carte de cr\u00e9dit. <strong>(18 ans +).<\/strong><br \/>\nD\u00e9p\u00f4t de s\u00e9curit\u00e9 de 250$ en argent, transfert Interac ou carte de cr\u00e9dit.<br \/>\nPolitique d&#8217;annulation 7 jours \u00e0 l&#8217;avance, sinon 100% non-remboursable.<\/p>\n<p id=\"forfaits\" style=\"text-align: center;\">\n<div style=\"padding-top:64px;padding-right:16px;padding-bottom:64px;padding-left:16px;gap:16px\" class=\"wp-block-easy-pricing-tables-table ept4-table-158d48a68d9fc layout-2 matchRowHeight is-layout-flex wp-container-easy-pricing-tables-table-is-layout-bfbbbc10 wp-block-table-is-layout-flex\">\n<div class=\"wp-block-easy-pricing-tables-column ept4Template-2\" style=\"padding:42px 30px 30px 30px;background-color:#F2F2F2\"><div>\n<p class=\"wp-block-easy-pricing-tables-field easy-pricing-tables-field popularText has-text-color has-background\" style=\"color:#FFFFFF;background-color:#6236ff;font-size:11px;text-transform:uppercase\"><strong>Most Popular<\/strong><\/p>\n\n\n\n\n\n<p class=\"wp-block-easy-pricing-tables-field easy-pricing-tables-field planText has-text-color\" style=\"color:#27245f;font-size:36px\"><strong>1 Nuit\u00e9e<\/strong><\/p>\n\n\n\n<p class=\"wp-block-easy-pricing-tables-field easy-pricing-tables-field planSubText has-text-color\" style=\"color:#333333;font-size:14px\">(Pour 2 personnes)<\/p>\n\n\n\n<p class=\"wp-block-easy-pricing-tables-field easy-pricing-tables-field priceText has-text-color\" style=\"color:#a68c68;padding-top:16px;font-size:48px;font-style:normal;font-weight:400\">$325<\/p>\n\n\n\n<p class=\"wp-block-easy-pricing-tables-field easy-pricing-tables-field pricePeriod has-text-color\" style=\"color:#333333;padding-bottom:26px;font-size:14px\">+Taxes<\/p>\n\n\n\n<ul style=\"color:#333333;font-size:14px;list-style-type:none\" class=\"wp-block-easy-pricing-tables-list featuresText has-text-color\">\n<li class=\"wp-block-easy-pricing-tables-list-item easy-pricing-tables-list-item\" style=\"padding-bottom:18px\">Dimanche au Vendredi de septembre \u00e0 juin.<\/li>\n<\/ul>\n<\/div><\/div>\n\n\n\n<div class=\"wp-block-easy-pricing-tables-column is-style-featured ept4Template-2\" style=\"padding:42px 30px 30px 30px;background-color:#F2F2F2;border-color:#27245f\"><div>\n\n\n<p class=\"wp-block-easy-pricing-tables-field has-text-align-left easy-pricing-tables-field planText has-text-color\" style=\"color:#27245f;padding-right:0;padding-left:0;font-size:36px\"><strong>Weekend<\/strong><\/p>\n\n\n\n<p class=\"wp-block-easy-pricing-tables-field easy-pricing-tables-field planSubText has-text-color\" style=\"color:#333333;font-size:14px\">(Pour 2 personnes)<\/p>\n\n\n\n<p class=\"wp-block-easy-pricing-tables-field easy-pricing-tables-field priceText has-text-color\" style=\"color:#a68d69;padding-top:16px;font-size:48px;font-style:normal;font-weight:400\">$545<\/p>\n\n\n\n<p class=\"wp-block-easy-pricing-tables-field easy-pricing-tables-field pricePeriod has-text-color\" style=\"color:#333333;padding-bottom:26px;font-size:14px\"> +Taxes<\/p>\n\n\n\n<ul style=\"color:#333333;font-size:14px;list-style-type:none\" class=\"wp-block-easy-pricing-tables-list featuresText has-text-color\">\n<li class=\"wp-block-easy-pricing-tables-list-item easy-pricing-tables-list-item\" style=\"padding-bottom:18px\">Disponible \u00e0 l\u2019ann\u00e9e.<\/li>\n<\/ul>\n<\/div><\/div>\n\n\n\n<div class=\"wp-block-easy-pricing-tables-column ept4Template-2\" style=\"padding:42px 30px 30px 30px;background-color:#F2F2F2\"><div>\n<p class=\"wp-block-easy-pricing-tables-field easy-pricing-tables-field popularText has-text-color has-background\" style=\"color:#FFFFFF;background-color:#6236ff;font-size:11px;text-transform:uppercase\"><strong>Most Popular<\/strong><\/p>\n\n\n\n\n\n<p class=\"wp-block-easy-pricing-tables-field easy-pricing-tables-field planText has-text-color\" style=\"color:#27245f;font-size:36px\"><strong>2 Nuits <\/strong><\/p>\n\n\n\n<p class=\"wp-block-easy-pricing-tables-field easy-pricing-tables-field planSubText has-text-color\" style=\"color:#333333;font-size:14px\">(Pour 2 personnes)<\/p>\n\n\n\n<p class=\"wp-block-easy-pricing-tables-field easy-pricing-tables-field priceText has-text-color\" style=\"color:#a68d69;padding-top:16px;font-size:48px;font-style:normal;font-weight:400\">$460<\/p>\n\n\n\n<p class=\"wp-block-easy-pricing-tables-field easy-pricing-tables-field pricePeriod has-text-color\" style=\"color:#333333;padding-bottom:26px;font-size:14px\"> +Taxes<\/p>\n\n\n\n<ul style=\"color:#333333;font-size:14px;list-style-type:none\" class=\"wp-block-easy-pricing-tables-list featuresText has-text-color\">\n<li class=\"wp-block-easy-pricing-tables-list-item easy-pricing-tables-list-item\" style=\"padding-bottom:18px\"><strong>2 nuits<\/strong>\u00a0sur semaine seulement.<\/li>\n<\/ul>\n<\/div><\/div>\n<style><\/style><style>div.ept4-table-158d48a68d9fc p, div.ept4-table-158d48a68d9fc a, div.ept4-table-158d48a68d9fc li { font-family: sans-serif !important};<\/style><\/div>\n<\/p>\n<p><div class='content-column one_half'><\/div><div class='content-column one_half last_column'><\/div><div class='clear_column'><\/div><\/p>\n<p id=\"disponibilites\" style=\"text-align: center;\">\n<p style=\"text-align: center;\">\n<p>&nbsp;<\/p>\n<p style=\"text-align: center;\">* \u00c0 noter que les cartes avec d\u00e9bit et les cartes pr\u00e9pay\u00e9es ne fonctionnent pas.<br \/>\nToutes les cartes cadeaux Spamania sont applicable sur la location du Loft .<br \/>\nSi vous avez un certificat cadeau, faire la r\u00e9servation par t\u00e9l\u00e9phone, sinon carte de cr\u00e9dit obligatoire pour la garantie d&#8217;annulation.<\/p>\n","protected":false},"excerpt":{"rendered":"<p>R\u00e9servez le Loft Spamania! Louez votre mini centre de sant\u00e9, avec acc\u00e8s direct de votre chambre! Les r\u00e9servations doivent \u00eatre pr\u00e9pay\u00e9. Paiement par transfert Interac (texto : 1 (819) 355-4919 ) ou carte de cr\u00e9dit. (18 ans +). D\u00e9p\u00f4t de s\u00e9curit\u00e9 de 250$ en argent, transfert Interac ou carte de cr\u00e9dit. Politique d&#8217;annulation 7 jours [&hellip;]<\/p>\n","protected":false},"author":1,"featured_media":0,"parent":0,"menu_order":0,"comment_status":"closed","ping_status":"closed","template":"template-fullwidth.php","meta":{"footnotes":""},"class_list":["post-2","page","type-page","status-publish","hentry"],"_links":{"self":[{"href":"https:\/\/spamania.ca\/reserver\/wp-json\/wp\/v2\/pages\/2","targetHints":{"allow":["GET"]}}],"collection":[{"href":"https:\/\/spamania.ca\/reserver\/wp-json\/wp\/v2\/pages"}],"about":[{"href":"https:\/\/spamania.ca\/reserver\/wp-json\/wp\/v2\/types\/page"}],"author":[{"embeddable":true,"href":"https:\/\/spamania.ca\/reserver\/wp-json\/wp\/v2\/users\/1"}],"replies":[{"embeddable":true,"href":"https:\/\/spamania.ca\/reserver\/wp-json\/wp\/v2\/comments?post=2"}],"version-history":[{"count":0,"href":"https:\/\/spamania.ca\/reserver\/wp-json\/wp\/v2\/pages\/2\/revisions"}],"wp:attachment":[{"href":"https:\/\/spamania.ca\/reserver\/wp-json\/wp\/v2\/media?parent=2"}],"curies":[{"name":"wp","href":"https:\/\/api.w.org\/{rel}","templated":true}]}}